{"id":4947,"date":"2023-09-26T13:54:06","date_gmt":"2023-09-26T13:54:06","guid":{"rendered":"http:\/\/luum.bauverein-frankfurt.de\/praevention\/"},"modified":"2025-06-13T09:52:36","modified_gmt":"2025-06-13T09:52:36","slug":"praevention","status":"publish","type":"page","link":"https:\/\/bauverein-frankfurt.de\/en\/praevention\/","title":{"rendered":"prevention concept"},"content":{"rendered":"<div data-elementor-type=\"wp-page\" data-elementor-id=\"4947\" class=\"elementor elementor-4947\" data-elementor-post-type=\"page\">\n\t\t\t\t\t\t<section class=\"elementor-section elementor-top-section elementor-element elementor-element-39249002 elementor-section-boxed elementor-section-height-default elementor-section-height-default\" data-id=\"39249002\" data-element_type=\"section\" data-e-type=\"section\" data-settings=\"{&quot;background_background&quot;:&quot;gradient&quot;}\">\n\t\t\t\t\t\t<div class=\"elementor-container elementor-column-gap-default\">\n\t\t\t\t\t<div class=\"elementor-column elementor-col-50 elementor-top-column elementor-element elementor-element-30f83f1b\" data-id=\"30f83f1b\" data-element_type=\"column\" data-e-type=\"column\">\n\t\t\t<div class=\"elementor-widget-wrap elementor-element-populated\">\n\t\t\t\t\t\t<div class=\"elementor-element elementor-element-104eccba elementor-widget elementor-widget-image\" data-id=\"104eccba\" data-element_type=\"widget\" data-e-type=\"widget\" data-widget_type=\"image.default\">\n\t\t\t\t<div class=\"elementor-widget-container\">\n\t\t\t\t\t\t\t\t\t\t\t\t\t\t\t<img fetchpriority=\"high\" decoding=\"async\" width=\"768\" height=\"512\" src=\"https:\/\/bauverein-frankfurt.de\/wp-content\/uploads\/2023\/10\/praevention-768x512.jpg\" class=\"attachment-medium_large size-medium_large wp-image-5314\" alt=\"\" srcset=\"https:\/\/bauverein-frankfurt.de\/wp-content\/uploads\/2023\/10\/praevention-768x512.jpg 768w, https:\/\/bauverein-frankfurt.de\/wp-content\/uploads\/2023\/10\/praevention-300x200.jpg 300w, https:\/\/bauverein-frankfurt.de\/wp-content\/uploads\/2023\/10\/praevention-1024x683.jpg 1024w, https:\/\/bauverein-frankfurt.de\/wp-content\/uploads\/2023\/10\/praevention-18x12.jpg 18w, https:\/\/bauverein-frankfurt.de\/wp-content\/uploads\/2023\/10\/praevention.jpg 1349w\" sizes=\"(max-width: 768px) 100vw, 768px\" \/>\t\t\t\t\t\t\t\t\t\t\t\t\t\t\t<\/div>\n\t\t\t\t<\/div>\n\t\t\t\t\t<\/div>\n\t\t<\/div>\n\t\t\t\t<div class=\"elementor-column elementor-col-50 elementor-top-column elementor-element elementor-element-74d60798\" data-id=\"74d60798\" data-element_type=\"column\" data-e-type=\"column\">\n\t\t\t<div class=\"elementor-widget-wrap elementor-element-populated\">\n\t\t\t\t\t\t<div class=\"elementor-element elementor-element-75fa68a2 elementor-widget elementor-widget-heading\" data-id=\"75fa68a2\" data-element_type=\"widget\" data-e-type=\"widget\" data-widget_type=\"heading.default\">\n\t\t\t\t<div class=\"elementor-widget-container\">\n\t\t\t\t\t<h2 class=\"elementor-heading-title elementor-size-default\">prevention concept<\/h2>\t\t\t\t<\/div>\n\t\t\t\t<\/div>\n\t\t\t\t<div class=\"elementor-element elementor-element-7bbaa29c elementor-widget elementor-widget-text-editor\" data-id=\"7bbaa29c\" data-element_type=\"widget\" data-e-type=\"widget\" data-widget_type=\"text-editor.default\">\n\t\t\t\t<div class=\"elementor-widget-container\">\n\t\t\t\t\t\t\t\t\t<p>The Bauverein Katholische Studentenheim has developed a prevention plan that applies to all our residence halls. Further information about our protection plan can be found on this page.<\/p>\t\t\t\t\t\t\t\t<\/div>\n\t\t\t\t<\/div>\n\t\t\t\t\t<\/div>\n\t\t<\/div>\n\t\t\t\t\t<\/div>\n\t\t<\/section>\n\t\t\t\t<section class=\"elementor-section elementor-top-section elementor-element elementor-element-1722262c elementor-section-boxed elementor-section-height-default elementor-section-height-default\" data-id=\"1722262c\" data-element_type=\"section\" data-e-type=\"section\">\n\t\t\t\t\t\t<div class=\"elementor-container elementor-column-gap-default\">\n\t\t\t\t\t<div class=\"elementor-column elementor-col-100 elementor-top-column elementor-element elementor-element-759df848\" data-id=\"759df848\" data-element_type=\"column\" data-e-type=\"column\">\n\t\t\t<div class=\"elementor-widget-wrap elementor-element-populated\">\n\t\t\t\t\t\t<div class=\"elementor-element elementor-element-69eb46df elementor-widget__width-inherit elementor-widget-tablet__width-inherit elementor-widget elementor-widget-heading\" data-id=\"69eb46df\" data-element_type=\"widget\" data-e-type=\"widget\" data-widget_type=\"heading.default\">\n\t\t\t\t<div class=\"elementor-widget-container\">\n\t\t\t\t\t<h2 class=\"elementor-heading-title elementor-size-default\">A few notes in advance:<\/h2>\t\t\t\t<\/div>\n\t\t\t\t<\/div>\n\t\t\t\t<div class=\"elementor-element elementor-element-67a4b8b8 elementor-widget__width-inherit elementor-widget elementor-widget-text-editor\" data-id=\"67a4b8b8\" data-element_type=\"widget\" data-e-type=\"widget\" data-widget_type=\"text-editor.default\">\n\t\t\t\t<div class=\"elementor-widget-container\">\n\t\t\t\t\t\t\t\t\t<p>In addition to looking at sexual abuse and abuse of power, our concept also includes the topics of racial discrimination, homophobia and dealing with hate speech in social media. The treatment of employees and residents, but also the treatment of the residents with and among each other, as well as complaints channels within and outside Bauverein will also be part of this concept.<\/p>\t\t\t\t\t\t\t\t<\/div>\n\t\t\t\t<\/div>\n\t\t\t\t<div class=\"elementor-element elementor-element-6037f4c6 elementor-widget__width-inherit elementor-widget elementor-widget-text-editor\" data-id=\"6037f4c6\" data-element_type=\"widget\" data-e-type=\"widget\" data-widget_type=\"text-editor.default\">\n\t\t\t\t<div class=\"elementor-widget-container\">\n\t\t\t\t\t\t\t\t\t<p>Above this a code of conduct for dealing with suspected cases is not only part of the prevention concept, but will also part of the house rules of our dorms in future. Similar to our Energy Saving Advice, this Code of Conduct will be translated into multiple languages.<\/p>\t\t\t\t\t\t\t\t<\/div>\n\t\t\t\t<\/div>\n\t\t\t\t<div class=\"elementor-element elementor-element-67a6233 elementor-widget__width-inherit elementor-widget elementor-widget-text-editor\" data-id=\"67a6233\" data-element_type=\"widget\" data-e-type=\"widget\" data-widget_type=\"text-editor.default\">\n\t\t\t\t<div class=\"elementor-widget-container\">\n\t\t\t\t\t\t\t\t\t<p>\u00a0<\/p><p>From the rental agreement for the winter semester 2024\/25, the code of conduct will be part of the rental agreement according to a resolution of the Bauverein\u2019s Kuratorium and must be signed by the residents. You can find the code of conduct here:\u00a0<\/p><p class=\"MsoNormal\"><a href=\"https:\/\/bauverein-frankfurt.de\/wp-content\/uploads\/2025\/06\/Verhaltenskodex-deutsche-Originalfassung-der-Web-Version-fuer-unten-angefuegte-Uebersetzungen.pdf\">Verhaltenskodex &#8211; deutsche Originalfassung der Web Version (f\u00fcr unten angef\u00fcgte \u00dcbersetzungen)<\/a><\/p><p class=\"MsoNormal\"><span style=\"font-family: var( --e-global-typography-text-font-family ), Sans-serif; font-size: var( --e-global-typography-text-font-size ); font-weight: var( --e-global-typography-text-font-weight ); letter-spacing: var( --e-global-typography-text-letter-spacing );\">\u00a0<\/span><\/p><p class=\"MsoNormal\"><span style=\"font-family: var( --e-global-typography-text-font-family ), Sans-serif; font-size: var( --e-global-typography-text-font-size ); font-weight: var( --e-global-typography-text-font-weight ); letter-spacing: var( --e-global-typography-text-letter-spacing );\">The Code of Conduct can be found here translated into various languages:<\/span>\u00a0<\/p><p><a href=\"https:\/\/bauverein-frankfurt.de\/wp-content\/uploads\/2025\/06\/Verhaltenskodex-arabic-translation.pdf\">Verhaltenskodex &#8211; arabic translation<\/a><\/p><p><a href=\"https:\/\/bauverein-frankfurt.de\/wp-content\/uploads\/2025\/06\/Verhaltenskodex-chinese-translation.pdf\">Verhaltenskodex &#8211; chinese translation<\/a><\/p><p><a href=\"https:\/\/bauverein-frankfurt.de\/wp-content\/uploads\/2025\/06\/Verhaltenskodex-english-translation.pdf\">Verhaltenskodex &#8211; english translation<\/a><\/p><p><a href=\"https:\/\/bauverein-frankfurt.de\/wp-content\/uploads\/2025\/06\/Verhaltenskodex-french-translation.pdf\">Verhaltenskodex &#8211; french translation<\/a><\/p><p><a href=\"https:\/\/bauverein-frankfurt.de\/wp-content\/uploads\/2025\/06\/Verhaltenskodex-russian-translation.pdf\">Verhaltenskodex &#8211; russian translation<\/a><\/p><p><a href=\"https:\/\/bauverein-frankfurt.de\/wp-content\/uploads\/2025\/06\/Verhaltenskodex-spanish-translation.pdf\">Verhaltenskodex &#8211; spanish translation<\/a><\/p><p><span style=\"font-family: var( --e-global-typography-text-font-family ), Sans-serif; font-size: var( --e-global-typography-text-font-size ); font-weight: var( --e-global-typography-text-font-weight ); letter-spacing: var( --e-global-typography-text-letter-spacing );\">\u00a0<\/span><\/p>\t\t\t\t\t\t\t\t<\/div>\n\t\t\t\t<\/div>\n\t\t\t\t<div class=\"elementor-element elementor-element-35354a5 elementor-widget__width-inherit elementor-widget elementor-widget-text-editor\" data-id=\"35354a5\" data-element_type=\"widget\" data-e-type=\"widget\" data-widget_type=\"text-editor.default\">\n\t\t\t\t<div class=\"elementor-widget-container\">\n\t\t\t\t\t\t\t\t\t<p class=\"MsoNormal\"><span style=\"font-family: var( --e-global-typography-text-font-family ), Sans-serif; font-size: var( --e-global-typography-text-font-size ); font-weight: var( --e-global-typography-text-font-weight ); letter-spacing: var( --e-global-typography-text-letter-spacing );\">The Code of Conduct is part of our Institutional Protection Concept (ISK). The detailed version of our protection concept can be found here:<\/span>\u00a0<\/p><p><a href=\"https:\/\/bauverein-frankfurt.de\/wp-content\/uploads\/2025\/06\/Institutionelles-Schutzkonzept-Bauverein.pdf\">Institutionelles Schutzkonzept Bauverein<\/a><\/p><p><span style=\"font-family: var( --e-global-typography-text-font-family ), Sans-serif; font-size: var( --e-global-typography-text-font-size ); font-weight: var( --e-global-typography-text-font-weight ); letter-spacing: var( --e-global-typography-text-letter-spacing );\">\u00a0<\/span><\/p>\t\t\t\t\t\t\t\t<\/div>\n\t\t\t\t<\/div>\n\t\t\t\t<div class=\"elementor-element elementor-element-6d161818 elementor-align-center elementor-widget elementor-widget-button\" data-id=\"6d161818\" data-element_type=\"widget\" data-e-type=\"widget\" data-widget_type=\"button.default\">\n\t\t\t\t<div class=\"elementor-widget-container\">\n\t\t\t\t\t\t\t\t\t<div class=\"elementor-button-wrapper\">\n\t\t\t\t\t<a class=\"elementor-button elementor-button-link elementor-size-sm\" href=\"https:\/\/bauverein-frankfurt.de\/en\/kontakt\/\">\n\t\t\t\t\t\t<span class=\"elementor-button-content-wrapper\">\n\t\t\t\t\t\t\t\t\t<span class=\"elementor-button-text\">Contact Us<\/span>\n\t\t\t\t\t<\/span>\n\t\t\t\t\t<\/a>\n\t\t\t\t<\/div>\n\t\t\t\t\t\t\t\t<\/div>\n\t\t\t\t<\/div>\n\t\t\t\t\t<\/div>\n\t\t<\/div>\n\t\t\t\t\t<\/div>\n\t\t<\/section>\n\t\t\t\t<\/div>","protected":false},"excerpt":{"rendered":"<p>Pr\u00e4vention Der Bauverein Katholische Studentenheime hat ein Pr\u00e4ventionskonzept erarbeitet, welches f\u00fcr alle unsere Wohnheime g\u00fcltig ist. Weitere Infos zu unserem Schutzkonzept finden sie auf dieser Seite. Ein paar Hinweise vorab: Neben dem Blick auf sexuellen Missbrauch und Machtmissbrauch beinhaltet unser Konzept auch die Themen rassistische Diskriminierung, Homophobie und den Umgang mit Hatespeech in sozialen Medien. [&hellip;]<\/p>\n","protected":false},"author":1,"featured_media":0,"parent":0,"menu_order":0,"comment_status":"closed","ping_status":"closed","template":"elementor_theme","meta":{"footnotes":""},"class_list":["post-4947","page","type-page","status-publish","hentry"],"_links":{"self":[{"href":"https:\/\/bauverein-frankfurt.de\/en\/wp-json\/wp\/v2\/pages\/4947","targetHints":{"allow":["GET"]}}],"collection":[{"href":"https:\/\/bauverein-frankfurt.de\/en\/wp-json\/wp\/v2\/pages"}],"about":[{"href":"https:\/\/bauverein-frankfurt.de\/en\/wp-json\/wp\/v2\/types\/page"}],"author":[{"embeddable":true,"href":"https:\/\/bauverein-frankfurt.de\/en\/wp-json\/wp\/v2\/users\/1"}],"replies":[{"embeddable":true,"href":"https:\/\/bauverein-frankfurt.de\/en\/wp-json\/wp\/v2\/comments?post=4947"}],"version-history":[{"count":28,"href":"https:\/\/bauverein-frankfurt.de\/en\/wp-json\/wp\/v2\/pages\/4947\/revisions"}],"predecessor-version":[{"id":5453,"href":"https:\/\/bauverein-frankfurt.de\/en\/wp-json\/wp\/v2\/pages\/4947\/revisions\/5453"}],"wp:attachment":[{"href":"https:\/\/bauverein-frankfurt.de\/en\/wp-json\/wp\/v2\/media?parent=4947"}],"curies":[{"name":"wp","href":"https:\/\/api.w.org\/{rel}","templated":true}]}}