{"id":4886,"date":"2023-09-26T13:53:35","date_gmt":"2023-09-26T13:53:35","guid":{"rendered":"http:\/\/luum.bauverein-frankfurt.de\/bbh-benefits\/"},"modified":"2023-09-26T15:38:00","modified_gmt":"2023-09-26T15:38:00","slug":"bbh-benefits","status":"publish","type":"page","link":"https:\/\/bauverein-frankfurt.de\/en\/bbh-benefits\/","title":{"rendered":"BBH-Benefits"},"content":{"rendered":"<div data-elementor-type=\"wp-page\" data-elementor-id=\"4886\" class=\"elementor elementor-4886\" data-elementor-post-type=\"page\">\n\t\t\t\t\t\t<section class=\"elementor-section elementor-top-section elementor-element elementor-element-642e2e5c elementor-section-boxed elementor-section-height-default elementor-section-height-default\" data-id=\"642e2e5c\" data-element_type=\"section\" data-e-type=\"section\" data-settings=\"{&quot;background_background&quot;:&quot;gradient&quot;}\">\n\t\t\t\t\t\t<div class=\"elementor-container elementor-column-gap-default\">\n\t\t\t\t\t<div class=\"elementor-column elementor-col-50 elementor-top-column elementor-element elementor-element-d023c38\" data-id=\"d023c38\" data-element_type=\"column\" data-e-type=\"column\">\n\t\t\t<div class=\"elementor-widget-wrap elementor-element-populated\">\n\t\t\t\t\t\t<div class=\"elementor-element elementor-element-3199f7c6 elementor-widget elementor-widget-image\" data-id=\"3199f7c6\" data-element_type=\"widget\" data-e-type=\"widget\" data-widget_type=\"image.default\">\n\t\t\t\t<div class=\"elementor-widget-container\">\n\t\t\t\t\t\t\t\t\t\t\t\t\t\t\t<img fetchpriority=\"high\" decoding=\"async\" width=\"768\" height=\"576\" src=\"https:\/\/bauverein-frankfurt.de\/wp-content\/uploads\/2023\/09\/BBH-aussen-1_web-768x576.jpg\" class=\"attachment-medium_large size-medium_large wp-image-4887\" alt=\"\" srcset=\"https:\/\/bauverein-frankfurt.de\/wp-content\/uploads\/2023\/09\/BBH-aussen-1_web-768x576.jpg 768w, https:\/\/bauverein-frankfurt.de\/wp-content\/uploads\/2023\/09\/BBH-aussen-1_web-300x225.jpg 300w, https:\/\/bauverein-frankfurt.de\/wp-content\/uploads\/2023\/09\/BBH-aussen-1_web-1024x768.jpg 1024w, https:\/\/bauverein-frankfurt.de\/wp-content\/uploads\/2023\/09\/BBH-aussen-1_web-16x12.jpg 16w, https:\/\/bauverein-frankfurt.de\/wp-content\/uploads\/2023\/09\/BBH-aussen-1_web.jpg 1200w\" sizes=\"(max-width: 768px) 100vw, 768px\" \/>\t\t\t\t\t\t\t\t\t\t\t\t\t\t\t<\/div>\n\t\t\t\t<\/div>\n\t\t\t\t\t<\/div>\n\t\t<\/div>\n\t\t\t\t<div class=\"elementor-column elementor-col-50 elementor-top-column elementor-element elementor-element-4cf3b643\" data-id=\"4cf3b643\" data-element_type=\"column\" data-e-type=\"column\">\n\t\t\t<div class=\"elementor-widget-wrap elementor-element-populated\">\n\t\t\t\t\t\t<div class=\"elementor-element elementor-element-7b11239d elementor-widget__width-initial elementor-widget elementor-widget-heading\" data-id=\"7b11239d\" data-element_type=\"widget\" data-e-type=\"widget\" data-widget_type=\"heading.default\">\n\t\t\t\t<div class=\"elementor-widget-container\">\n\t\t\t\t\t<h2 class=\"elementor-heading-title elementor-size-default\">Benefits und Specials im Bernhard- und Ludwig-Becker-Haus<\/h2>\t\t\t\t<\/div>\n\t\t\t\t<\/div>\n\t\t\t\t<div class=\"elementor-element elementor-element-1f1527a7 e-transform elementor-widget__width-initial elementor-widget elementor-widget-image\" data-id=\"1f1527a7\" data-element_type=\"widget\" data-e-type=\"widget\" data-settings=\"{&quot;_transform_rotateZ_effect&quot;:{&quot;unit&quot;:&quot;px&quot;,&quot;size&quot;:-15,&quot;sizes&quot;:[]},&quot;_transform_rotateZ_effect_tablet&quot;:{&quot;unit&quot;:&quot;deg&quot;,&quot;size&quot;:&quot;&quot;,&quot;sizes&quot;:[]},&quot;_transform_rotateZ_effect_mobile&quot;:{&quot;unit&quot;:&quot;deg&quot;,&quot;size&quot;:&quot;&quot;,&quot;sizes&quot;:[]}}\" data-widget_type=\"image.default\">\n\t\t\t\t<div class=\"elementor-widget-container\">\n\t\t\t\t\t\t\t\t\t\t\t\t\t\t\t<img decoding=\"async\" width=\"135\" height=\"130\" src=\"https:\/\/bauverein-frankfurt.de\/wp-content\/uploads\/2023\/09\/BBH-Logo.svg\" class=\"attachment-medium size-medium wp-image-4888\" alt=\"\" \/>\t\t\t\t\t\t\t\t\t\t\t\t\t\t\t<\/div>\n\t\t\t\t<\/div>\n\t\t\t\t<div class=\"elementor-element elementor-element-79c074f9 elementor-widget__width-initial elementor-widget-tablet__width-inherit elementor-widget elementor-widget-text-editor\" data-id=\"79c074f9\" data-element_type=\"widget\" data-e-type=\"widget\" data-widget_type=\"text-editor.default\">\n\t\t\t\t<div class=\"elementor-widget-container\">\n\t\t\t\t\t\t\t\t\tOur dorm not only offers you a comfortable place to live and a roof over your head, but also the feeling of a community. This requires not only commitment and diversity within the residents, but also spaces for events and opportunities, for example to meet each other and talk to each other and experience something together. You can find a few benefits and specials here, so you can get an idea of what's on offer in your dorm beyond just a room...\t\t\t\t\t\t\t\t<\/div>\n\t\t\t\t<\/div>\n\t\t\t\t\t<\/div>\n\t\t<\/div>\n\t\t\t\t\t<\/div>\n\t\t<\/section>\n\t\t\t\t<section class=\"elementor-section elementor-top-section elementor-element elementor-element-f98c7fb elementor-section-boxed elementor-section-height-default elementor-section-height-default\" data-id=\"f98c7fb\" data-element_type=\"section\" data-e-type=\"section\" data-settings=\"{&quot;background_background&quot;:&quot;gradient&quot;}\">\n\t\t\t\t\t\t<div class=\"elementor-container elementor-column-gap-default\">\n\t\t\t\t\t<div class=\"elementor-column elementor-col-50 elementor-top-column elementor-element elementor-element-6a35ed07\" data-id=\"6a35ed07\" data-element_type=\"column\" data-e-type=\"column\">\n\t\t\t<div class=\"elementor-widget-wrap elementor-element-populated\">\n\t\t\t\t\t\t<div class=\"elementor-element elementor-element-8fd606d elementor-view-default elementor-widget elementor-widget-icon\" data-id=\"8fd606d\" data-element_type=\"widget\" data-e-type=\"widget\" data-widget_type=\"icon.default\">\n\t\t\t\t<div class=\"elementor-widget-container\">\n\t\t\t\t\t\t\t<div class=\"elementor-icon-wrapper\">\n\t\t\t<div class=\"elementor-icon\">\n\t\t\t<i aria-hidden=\"true\" class=\"fas fa-bicycle\"><\/i>\t\t\t<\/div>\n\t\t<\/div>\n\t\t\t\t\t\t<\/div>\n\t\t\t\t<\/div>\n\t\t\t\t<div class=\"elementor-element elementor-element-7009c8b9 elementor-widget__width-initial elementor-widget elementor-widget-heading\" data-id=\"7009c8b9\" data-element_type=\"widget\" data-e-type=\"widget\" data-widget_type=\"heading.default\">\n\t\t\t\t<div class=\"elementor-widget-container\">\n\t\t\t\t\t<h2 class=\"elementor-heading-title elementor-size-default\">Bicycle storage<\/h2>\t\t\t\t<\/div>\n\t\t\t\t<\/div>\n\t\t\t\t<div class=\"elementor-element elementor-element-58d6aeae elementor-widget__width-initial elementor-widget elementor-widget-text-editor\" data-id=\"58d6aeae\" data-element_type=\"widget\" data-e-type=\"widget\" data-widget_type=\"text-editor.default\">\n\t\t\t\t<div class=\"elementor-widget-container\">\n\t\t\t\t\t\t\t\t\t<p>In the basement there is a lockable bicycle room with a sufficient number of bicycle parking spaces.<\/p>\t\t\t\t\t\t\t\t<\/div>\n\t\t\t\t<\/div>\n\t\t\t\t<div class=\"elementor-element elementor-element-703f5e elementor-widget__width-initial elementor-widget elementor-widget-text-editor\" data-id=\"703f5e\" data-element_type=\"widget\" data-e-type=\"widget\" data-widget_type=\"text-editor.default\">\n\t\t\t\t<div class=\"elementor-widget-container\">\n\t\t\t\t\t\t\t\t\t<p>Access is right next to the entrance to the BBH via a staircase with rails to slide bikes up and down. Our residents have access to this parking space via a chip, so that bicycles can be parked safely and dry and you can easily do many daily trips by bike. The bicycle cellar also offers the opportunity to come together for a cocktail evening and celebrate a little without disturbing anyone...<\/p>\t\t\t\t\t\t\t\t<\/div>\n\t\t\t\t<\/div>\n\t\t\t\t\t<\/div>\n\t\t<\/div>\n\t\t\t\t<div class=\"elementor-column elementor-col-50 elementor-top-column elementor-element elementor-element-4e3d105a\" data-id=\"4e3d105a\" data-element_type=\"column\" data-e-type=\"column\">\n\t\t\t<div class=\"elementor-widget-wrap elementor-element-populated\">\n\t\t\t\t\t\t<div class=\"elementor-element elementor-element-6a32d672 elementor-widget elementor-widget-image\" data-id=\"6a32d672\" data-element_type=\"widget\" data-e-type=\"widget\" data-widget_type=\"image.default\">\n\t\t\t\t<div class=\"elementor-widget-container\">\n\t\t\t\t\t\t\t\t\t\t\t\t\t\t\t<img decoding=\"async\" width=\"768\" height=\"576\" src=\"https:\/\/bauverein-frankfurt.de\/wp-content\/uploads\/2023\/09\/BBH-Fahrradkeller_web-768x576.jpg\" class=\"attachment-medium_large size-medium_large wp-image-4889\" alt=\"\" srcset=\"https:\/\/bauverein-frankfurt.de\/wp-content\/uploads\/2023\/09\/BBH-Fahrradkeller_web-768x576.jpg 768w, https:\/\/bauverein-frankfurt.de\/wp-content\/uploads\/2023\/09\/BBH-Fahrradkeller_web-300x225.jpg 300w, https:\/\/bauverein-frankfurt.de\/wp-content\/uploads\/2023\/09\/BBH-Fahrradkeller_web-1024x768.jpg 1024w, https:\/\/bauverein-frankfurt.de\/wp-content\/uploads\/2023\/09\/BBH-Fahrradkeller_web-16x12.jpg 16w, https:\/\/bauverein-frankfurt.de\/wp-content\/uploads\/2023\/09\/BBH-Fahrradkeller_web.jpg 1200w\" sizes=\"(max-width: 768px) 100vw, 768px\" \/>\t\t\t\t\t\t\t\t\t\t\t\t\t\t\t<\/div>\n\t\t\t\t<\/div>\n\t\t\t\t\t<\/div>\n\t\t<\/div>\n\t\t\t\t\t<\/div>\n\t\t<\/section>\n\t\t\t\t<section class=\"elementor-section elementor-top-section elementor-element elementor-element-36707203 elementor-reverse-mobile elementor-section-boxed elementor-section-height-default elementor-section-height-default\" data-id=\"36707203\" data-element_type=\"section\" data-e-type=\"section\">\n\t\t\t\t\t\t<div class=\"elementor-container elementor-column-gap-default\">\n\t\t\t\t\t<div class=\"elementor-column elementor-col-50 elementor-top-column elementor-element elementor-element-442000e5\" data-id=\"442000e5\" data-element_type=\"column\" data-e-type=\"column\">\n\t\t\t<div class=\"elementor-widget-wrap elementor-element-populated\">\n\t\t\t\t\t\t<div class=\"elementor-element elementor-element-4838f473 elementor-widget elementor-widget-image\" data-id=\"4838f473\" data-element_type=\"widget\" data-e-type=\"widget\" data-widget_type=\"image.default\">\n\t\t\t\t<div class=\"elementor-widget-container\">\n\t\t\t\t\t\t\t\t\t\t\t\t\t\t\t<img loading=\"lazy\" decoding=\"async\" width=\"768\" height=\"576\" src=\"https:\/\/bauverein-frankfurt.de\/wp-content\/uploads\/2023\/09\/BBH-Waschcenter-1_web-768x576.jpg\" class=\"attachment-medium_large size-medium_large wp-image-4890\" alt=\"\" srcset=\"https:\/\/bauverein-frankfurt.de\/wp-content\/uploads\/2023\/09\/BBH-Waschcenter-1_web-768x576.jpg 768w, https:\/\/bauverein-frankfurt.de\/wp-content\/uploads\/2023\/09\/BBH-Waschcenter-1_web-300x225.jpg 300w, https:\/\/bauverein-frankfurt.de\/wp-content\/uploads\/2023\/09\/BBH-Waschcenter-1_web-1024x768.jpg 1024w, https:\/\/bauverein-frankfurt.de\/wp-content\/uploads\/2023\/09\/BBH-Waschcenter-1_web-16x12.jpg 16w, https:\/\/bauverein-frankfurt.de\/wp-content\/uploads\/2023\/09\/BBH-Waschcenter-1_web.jpg 1200w\" sizes=\"(max-width: 768px) 100vw, 768px\" \/>\t\t\t\t\t\t\t\t\t\t\t\t\t\t\t<\/div>\n\t\t\t\t<\/div>\n\t\t\t\t\t<\/div>\n\t\t<\/div>\n\t\t\t\t<div class=\"elementor-column elementor-col-50 elementor-top-column elementor-element elementor-element-301c5cc4\" data-id=\"301c5cc4\" data-element_type=\"column\" data-e-type=\"column\">\n\t\t\t<div class=\"elementor-widget-wrap elementor-element-populated\">\n\t\t\t\t\t\t<div class=\"elementor-element elementor-element-447b41ba elementor-widget__width-initial elementor-widget elementor-widget-heading\" data-id=\"447b41ba\" data-element_type=\"widget\" data-e-type=\"widget\" data-widget_type=\"heading.default\">\n\t\t\t\t<div class=\"elementor-widget-container\">\n\t\t\t\t\t<h2 class=\"elementor-heading-title elementor-size-default\">Laundry center<\/h2>\t\t\t\t<\/div>\n\t\t\t\t<\/div>\n\t\t\t\t<div class=\"elementor-element elementor-element-6002fa0e elementor-view-default elementor-widget elementor-widget-icon\" data-id=\"6002fa0e\" data-element_type=\"widget\" data-e-type=\"widget\" data-widget_type=\"icon.default\">\n\t\t\t\t<div class=\"elementor-widget-container\">\n\t\t\t\t\t\t\t<div class=\"elementor-icon-wrapper\">\n\t\t\t<div class=\"elementor-icon\">\n\t\t\t<i aria-hidden=\"true\" class=\"fas fa-hands-wash\"><\/i>\t\t\t<\/div>\n\t\t<\/div>\n\t\t\t\t\t\t<\/div>\n\t\t\t\t<\/div>\n\t\t\t\t<div class=\"elementor-element elementor-element-8e1ac86 elementor-widget__width-initial elementor-widget elementor-widget-text-editor\" data-id=\"8e1ac86\" data-element_type=\"widget\" data-e-type=\"widget\" data-widget_type=\"text-editor.default\">\n\t\t\t\t<div class=\"elementor-widget-container\">\n\t\t\t\t\t\t\t\t\t<p>In the basement of the BBH there is a fully equipped laundry center with washing machines and dryers, so that you can do your laundry directly in the dormitory.<\/p>\t\t\t\t\t\t\t\t<\/div>\n\t\t\t\t<\/div>\n\t\t\t\t<div class=\"elementor-element elementor-element-370fbac7 elementor-widget__width-initial elementor-widget elementor-widget-text-editor\" data-id=\"370fbac7\" data-element_type=\"widget\" data-e-type=\"widget\" data-widget_type=\"text-editor.default\">\n\t\t\t\t<div class=\"elementor-widget-container\">\n\t\t\t\t\t\t\t\t\t<p class=\"western\">In the washing center in the BBH, 3 machines and 2 dryers are available to our residents. When you move in you get a washing card, which you can load with money at a machine and then use in the washing centers.<\/p>\t\t\t\t\t\t\t\t<\/div>\n\t\t\t\t<\/div>\n\t\t\t\t\t<\/div>\n\t\t<\/div>\n\t\t\t\t\t<\/div>\n\t\t<\/section>\n\t\t\t\t<section class=\"elementor-section elementor-top-section elementor-element elementor-element-36ff97f8 elementor-section-boxed elementor-section-height-default elementor-section-height-default\" data-id=\"36ff97f8\" data-element_type=\"section\" data-e-type=\"section\" data-settings=\"{&quot;background_background&quot;:&quot;classic&quot;}\">\n\t\t\t\t\t\t<div class=\"elementor-container elementor-column-gap-default\">\n\t\t\t\t\t<div class=\"elementor-column elementor-col-100 elementor-top-column elementor-element elementor-element-2d1a4f35\" data-id=\"2d1a4f35\" data-element_type=\"column\" data-e-type=\"column\">\n\t\t\t<div class=\"elementor-widget-wrap elementor-element-populated\">\n\t\t\t\t\t\t<div class=\"elementor-element elementor-element-66daccdd elementor-view-default elementor-widget elementor-widget-icon\" data-id=\"66daccdd\" data-element_type=\"widget\" data-e-type=\"widget\" data-widget_type=\"icon.default\">\n\t\t\t\t<div class=\"elementor-widget-container\">\n\t\t\t\t\t\t\t<div class=\"elementor-icon-wrapper\">\n\t\t\t<div class=\"elementor-icon\">\n\t\t\t<i aria-hidden=\"true\" class=\"fas fa-star\"><\/i>\t\t\t<\/div>\n\t\t<\/div>\n\t\t\t\t\t\t<\/div>\n\t\t\t\t<\/div>\n\t\t\t\t<div class=\"elementor-element elementor-element-74a410cc elementor-widget__width-inherit elementor-widget elementor-widget-heading\" data-id=\"74a410cc\" data-element_type=\"widget\" data-e-type=\"widget\" data-widget_type=\"heading.default\">\n\t\t\t\t<div class=\"elementor-widget-container\">\n\t\t\t\t\t<h2 class=\"elementor-heading-title elementor-size-default\">Tutorial and SV<\/h2>\t\t\t\t<\/div>\n\t\t\t\t<\/div>\n\t\t\t\t<div class=\"elementor-element elementor-element-3bfa9a23 elementor-widget__width-inherit elementor-widget elementor-widget-text-editor\" data-id=\"3bfa9a23\" data-element_type=\"widget\" data-e-type=\"widget\" data-widget_type=\"text-editor.default\">\n\t\t\t\t<div class=\"elementor-widget-container\">\n\t\t\t\t\t\t\t\t\t<p>In the ADH and in the BBH there is an office on site, where the <a href=\"https:\/\/bauverein-frankfurt.de\/en\/kontakt\/#referat\">Student\u2018s advisor<\/a> is supported by student tutors.<\/p>\t\t\t\t\t\t\t\t<\/div>\n\t\t\t\t<\/div>\n\t\t\t\t<div class=\"elementor-element elementor-element-5c58686c elementor-widget__width-inherit elementor-widget elementor-widget-text-editor\" data-id=\"5c58686c\" data-element_type=\"widget\" data-e-type=\"widget\" data-widget_type=\"text-editor.default\">\n\t\t\t\t<div class=\"elementor-widget-container\">\n\t\t\t\t\t\t\t\t\t<p>Our tutors are also available to the residents as contact persons and at the same time support the SV. With a student\u2019s advisor and tutors, there are contact persons for all houses and in all houses directly in the dorm for the concerns of our residents. The office in the BBH is at the top of the sixth floor, just behind the stairs.<\/p>\t\t\t\t\t\t\t\t<\/div>\n\t\t\t\t<\/div>\n\t\t\t\t\t<\/div>\n\t\t<\/div>\n\t\t\t\t\t<\/div>\n\t\t<\/section>\n\t\t\t\t<section class=\"elementor-section elementor-top-section elementor-element elementor-element-3a9645fb elementor-reverse-mobile elementor-section-boxed elementor-section-height-default elementor-section-height-default\" data-id=\"3a9645fb\" data-element_type=\"section\" data-e-type=\"section\" data-settings=\"{&quot;background_background&quot;:&quot;gradient&quot;}\">\n\t\t\t\t\t\t<div class=\"elementor-container elementor-column-gap-default\">\n\t\t\t\t\t<div class=\"elementor-column elementor-col-50 elementor-top-column elementor-element elementor-element-5a3a03b7\" data-id=\"5a3a03b7\" data-element_type=\"column\" data-e-type=\"column\">\n\t\t\t<div class=\"elementor-widget-wrap elementor-element-populated\">\n\t\t\t\t\t\t<div class=\"elementor-element elementor-element-13817df0 elementor-widget elementor-widget-image\" data-id=\"13817df0\" data-element_type=\"widget\" data-e-type=\"widget\" data-widget_type=\"image.default\">\n\t\t\t\t<div class=\"elementor-widget-container\">\n\t\t\t\t\t\t\t\t\t\t\t\t\t\t\t<img loading=\"lazy\" decoding=\"async\" width=\"768\" height=\"576\" src=\"https:\/\/bauverein-frankfurt.de\/wp-content\/uploads\/2023\/09\/BBH-Skyline_web-768x576.jpg\" class=\"attachment-medium_large size-medium_large wp-image-4891\" alt=\"\" srcset=\"https:\/\/bauverein-frankfurt.de\/wp-content\/uploads\/2023\/09\/BBH-Skyline_web-768x576.jpg 768w, https:\/\/bauverein-frankfurt.de\/wp-content\/uploads\/2023\/09\/BBH-Skyline_web-300x225.jpg 300w, https:\/\/bauverein-frankfurt.de\/wp-content\/uploads\/2023\/09\/BBH-Skyline_web-1024x768.jpg 1024w, https:\/\/bauverein-frankfurt.de\/wp-content\/uploads\/2023\/09\/BBH-Skyline_web-16x12.jpg 16w, https:\/\/bauverein-frankfurt.de\/wp-content\/uploads\/2023\/09\/BBH-Skyline_web.jpg 1200w\" sizes=\"(max-width: 768px) 100vw, 768px\" \/>\t\t\t\t\t\t\t\t\t\t\t\t\t\t\t<\/div>\n\t\t\t\t<\/div>\n\t\t\t\t\t<\/div>\n\t\t<\/div>\n\t\t\t\t<div class=\"elementor-column elementor-col-50 elementor-top-column elementor-element elementor-element-12a9da1\" data-id=\"12a9da1\" data-element_type=\"column\" data-e-type=\"column\">\n\t\t\t<div class=\"elementor-widget-wrap elementor-element-populated\">\n\t\t\t\t\t\t<div class=\"elementor-element elementor-element-7a59d266 elementor-view-default elementor-widget elementor-widget-icon\" data-id=\"7a59d266\" data-element_type=\"widget\" data-e-type=\"widget\" data-widget_type=\"icon.default\">\n\t\t\t\t<div class=\"elementor-widget-container\">\n\t\t\t\t\t\t\t<div class=\"elementor-icon-wrapper\">\n\t\t\t<div class=\"elementor-icon\">\n\t\t\t<i aria-hidden=\"true\" class=\"fas fa-cloud-sun\"><\/i>\t\t\t<\/div>\n\t\t<\/div>\n\t\t\t\t\t\t<\/div>\n\t\t\t\t<\/div>\n\t\t\t\t<div class=\"elementor-element elementor-element-14e90dc1 elementor-widget__width-initial elementor-widget elementor-widget-heading\" data-id=\"14e90dc1\" data-element_type=\"widget\" data-e-type=\"widget\" data-widget_type=\"heading.default\">\n\t\t\t\t<div class=\"elementor-widget-container\">\n\t\t\t\t\t<h2 class=\"elementor-heading-title elementor-size-default\">Terrace and skyline view<\/h2>\t\t\t\t<\/div>\n\t\t\t\t<\/div>\n\t\t\t\t<div class=\"elementor-element elementor-element-1f641751 elementor-widget__width-initial elementor-widget elementor-widget-text-editor\" data-id=\"1f641751\" data-element_type=\"widget\" data-e-type=\"widget\" data-widget_type=\"text-editor.default\">\n\t\t\t\t<div class=\"elementor-widget-container\">\n\t\t\t\t\t\t\t\t\t<p>On the second floor there is a large outdoor terrace, which invites you to linger, especially in summer.<\/p>\t\t\t\t\t\t\t\t<\/div>\n\t\t\t\t<\/div>\n\t\t\t\t<div class=\"elementor-element elementor-element-197fa3d elementor-widget__width-initial elementor-widget elementor-widget-text-editor\" data-id=\"197fa3d\" data-element_type=\"widget\" data-e-type=\"widget\" data-widget_type=\"text-editor.default\">\n\t\t\t\t<div class=\"elementor-widget-container\">\n\t\t\t\t\t\t\t\t\t<p>Two tables and benches as well as a grill invite you to enjoy the view of the Frankfurt skyline and have a good time. Especially from the upper floors in the BBH you have a wonderful view of the nearby Frankfurt skyline.<\/p>\t\t\t\t\t\t\t\t<\/div>\n\t\t\t\t<\/div>\n\t\t\t\t\t<\/div>\n\t\t<\/div>\n\t\t\t\t\t<\/div>\n\t\t<\/section>\n\t\t\t\t<\/div>","protected":false},"excerpt":{"rendered":"<p>Benefits und Specials im Bernhard- und Ludwig-Becker-Haus Unser Wohnheim bietet dir nicht nur einen komfortablen Ort zum Leben und ein Dach \u00fcber dem Kopf, sondern auch das Gef\u00fchl einer Gemeinschaft. Dazu braucht es aber nicht nur Engagement und Vielfalt innerhalb der Bewohnerschaft, sondern auch R\u00e4ume f\u00fcr Veranstaltungen und M\u00f6glichkeiten, um beispielsweise einander zu begegnen und [&hellip;]<\/p>\n","protected":false},"author":1,"featured_media":0,"parent":0,"menu_order":0,"comment_status":"closed","ping_status":"closed","template":"elementor_theme","meta":{"footnotes":""},"class_list":["post-4886","page","type-page","status-publish","hentry"],"_links":{"self":[{"href":"https:\/\/bauverein-frankfurt.de\/en\/wp-json\/wp\/v2\/pages\/4886","targetHints":{"allow":["GET"]}}],"collection":[{"href":"https:\/\/bauverein-frankfurt.de\/en\/wp-json\/wp\/v2\/pages"}],"about":[{"href":"https:\/\/bauverein-frankfurt.de\/en\/wp-json\/wp\/v2\/types\/page"}],"author":[{"embeddable":true,"href":"https:\/\/bauverein-frankfurt.de\/en\/wp-json\/wp\/v2\/users\/1"}],"replies":[{"embeddable":true,"href":"https:\/\/bauverein-frankfurt.de\/en\/wp-json\/wp\/v2\/comments?post=4886"}],"version-history":[{"count":7,"href":"https:\/\/bauverein-frankfurt.de\/en\/wp-json\/wp\/v2\/pages\/4886\/revisions"}],"predecessor-version":[{"id":5189,"href":"https:\/\/bauverein-frankfurt.de\/en\/wp-json\/wp\/v2\/pages\/4886\/revisions\/5189"}],"wp:attachment":[{"href":"https:\/\/bauverein-frankfurt.de\/en\/wp-json\/wp\/v2\/media?parent=4886"}],"curies":[{"name":"wp","href":"https:\/\/api.w.org\/{rel}","templated":true}]}}